{"id":350,"date":"2014-06-10T07:37:53","date_gmt":"2014-06-10T07:37:53","guid":{"rendered":"http:\/\/www.ifa-tours.de\/lexikon\/?page_id=350"},"modified":"2014-09-25T20:39:31","modified_gmt":"2014-09-25T20:39:31","slug":"ifa-w50-bei-gta","status":"publish","type":"page","link":"https:\/\/www.ifa-tours.de\/lexikon\/modellbau-spiele\/ifa-w50-bei-gta\/","title":{"rendered":"IFA W50 bei GTA"},"content":{"rendered":"<div class=\"pdfprnt-buttons pdfprnt-buttons-page pdfprnt-top-right\"><a href=\"https:\/\/www.ifa-tours.de\/lexikon\/wp-json\/wp\/v2\/pages\/350?print=pdf\" class=\"pdfprnt-button pdfprnt-button-pdf\" target=\"_blank\"><img decoding=\"async\" src=\"https:\/\/www.ifa-tours.de\/lexikon\/wp-content\/plugins\/pdf-print\/images\/pdf.png\" alt=\"image_pdf\" title=\"PDF anzeigen\" \/><\/a><a href=\"https:\/\/www.ifa-tours.de\/lexikon\/wp-json\/wp\/v2\/pages\/350?print=print\" class=\"pdfprnt-button pdfprnt-button-print\" target=\"_blank\"><img decoding=\"async\" src=\"https:\/\/www.ifa-tours.de\/lexikon\/wp-content\/plugins\/pdf-print\/images\/print.png\" alt=\"image_print\" title=\"Inhalt drucken\" \/><\/a><\/div>\n<p>Den IFA W50 gibt es auch f\u00fcr das Computerspiel GTA San Andreas, dort wird er Duneride genannt. Es k\u00f6nnen verschiedene Farbgebungen ausprobiert werden.<\/p>\n<p><div id=\"attachment_357\" style=\"width: 810px\" class=\"wp-caption alignleft\"><a href=\"http:\/\/www.ifa-tours.de\/lexikon\/wp-content\/uploads\/2014\/06\/1282905347_gallery64.jpg\"><img loading=\"lazy\" decoding=\"async\" aria-describedby=\"caption-attachment-357\" class=\"wp-image-357 size-full\" src=\"http:\/\/www.ifa-tours.de\/lexikon\/wp-content\/uploads\/2014\/06\/1282905347_gallery64.jpg\" alt=\"IFA W50 LA GTA LA\/A\/C\" width=\"800\" height=\"1200\" srcset=\"https:\/\/www.ifa-tours.de\/lexikon\/wp-content\/uploads\/2014\/06\/1282905347_gallery64.jpg 800w, https:\/\/www.ifa-tours.de\/lexikon\/wp-content\/uploads\/2014\/06\/1282905347_gallery64-200x300.jpg 200w, https:\/\/www.ifa-tours.de\/lexikon\/wp-content\/uploads\/2014\/06\/1282905347_gallery64-682x1024.jpg 682w, https:\/\/www.ifa-tours.de\/lexikon\/wp-content\/uploads\/2014\/06\/1282905347_gallery64-624x936.jpg 624w\" sizes=\"auto, (max-width: 800px) 100vw, 800px\" \/><\/a><p id=\"caption-attachment-357\" class=\"wp-caption-text\">IFA W50 LA GTA LA\/A\/C<\/p><\/div><\/p>\n<p><object width=\"560\" height=\"315\"><param name=\"movie\" value=\"\/\/www.youtube.com\/v\/7P0G0QGG_xE?hl=de_DE&amp;version=3\" \/><param name=\"allowFullScreen\" value=\"true\" \/><param name=\"allowscriptaccess\" value=\"always\" \/><embed src=\"\/\/www.youtube.com\/v\/7P0G0QGG_xE?hl=de_DE&amp;version=3\" type=\"application\/x-shockwave-flash\" width=\"560\" height=\"315\" allowscriptaccess=\"always\" allowfullscreen=\"allowfullscreen\" \/><\/object><\/p>\n<p><object width=\"420\" height=\"315\"><param name=\"movie\" value=\"\/\/www.youtube.com\/v\/GctIS7y8JVA?version=3&amp;hl=de_DE\" \/><param name=\"allowFullScreen\" value=\"true\" \/><param name=\"allowscriptaccess\" value=\"always\" \/><embed src=\"\/\/www.youtube.com\/v\/GctIS7y8JVA?version=3&amp;hl=de_DE\" type=\"application\/x-shockwave-flash\" width=\"420\" height=\"315\" allowscriptaccess=\"always\" allowfullscreen=\"allowfullscreen\" \/><\/object><\/p>\n<p><a href=\"http:\/\/www.ifa-tours.de\/lexikon\/wp-content\/uploads\/2012\/04\/W50_Duneride_by_Oxxitgta-worldmods.jpg\"><img loading=\"lazy\" decoding=\"async\" class=\"alignleft size-full wp-image-347\" src=\"http:\/\/www.ifa-tours.de\/lexikon\/wp-content\/uploads\/2012\/04\/W50_Duneride_by_Oxxitgta-worldmods.jpg\" alt=\"W50_Duneride_by_Oxxit[gta-worldmods]\" width=\"240\" height=\"528\" srcset=\"https:\/\/www.ifa-tours.de\/lexikon\/wp-content\/uploads\/2012\/04\/W50_Duneride_by_Oxxitgta-worldmods.jpg 240w, https:\/\/www.ifa-tours.de\/lexikon\/wp-content\/uploads\/2012\/04\/W50_Duneride_by_Oxxitgta-worldmods-136x300.jpg 136w\" sizes=\"auto, (max-width: 240px) 100vw, 240px\" \/><\/a><\/p>\n<p><a href=\"http:\/\/www.ifa-tours.de\/lexikon\/wp-content\/uploads\/2012\/04\/images1.jpg\"><img loading=\"lazy\" decoding=\"async\" class=\"alignleft size-full wp-image-346\" src=\"http:\/\/www.ifa-tours.de\/lexikon\/wp-content\/uploads\/2012\/04\/images1.jpg\" alt=\"images\" width=\"160\" height=\"128\" \/><\/a> <a href=\"http:\/\/www.ifa-tours.de\/lexikon\/wp-content\/uploads\/2012\/04\/ifa_w50_laac_duneride-zip.jpg\"><img loading=\"lazy\" decoding=\"async\" class=\"alignleft size-full wp-image-345\" src=\"http:\/\/www.ifa-tours.de\/lexikon\/wp-content\/uploads\/2012\/04\/ifa_w50_laac_duneride-zip.jpg\" alt=\"ifa_w50_laac_duneride-zip\" width=\"800\" height=\"640\" srcset=\"https:\/\/www.ifa-tours.de\/lexikon\/wp-content\/uploads\/2012\/04\/ifa_w50_laac_duneride-zip.jpg 800w, https:\/\/www.ifa-tours.de\/lexikon\/wp-content\/uploads\/2012\/04\/ifa_w50_laac_duneride-zip-300x240.jpg 300w, https:\/\/www.ifa-tours.de\/lexikon\/wp-content\/uploads\/2012\/04\/ifa_w50_laac_duneride-zip-624x499.jpg 624w\" sizes=\"auto, (max-width: 800px) 100vw, 800px\" \/><\/a> <a href=\"http:\/\/www.ifa-tours.de\/lexikon\/wp-content\/uploads\/2012\/04\/ifa_w50_laac_duneride1.jpg\"><img loading=\"lazy\" decoding=\"async\" class=\"alignleft size-full wp-image-344\" src=\"http:\/\/www.ifa-tours.de\/lexikon\/wp-content\/uploads\/2012\/04\/ifa_w50_laac_duneride1.jpg\" alt=\"ifa_w50_laac_duneride\" width=\"500\" height=\"375\" srcset=\"https:\/\/www.ifa-tours.de\/lexikon\/wp-content\/uploads\/2012\/04\/ifa_w50_laac_duneride1.jpg 500w, https:\/\/www.ifa-tours.de\/lexikon\/wp-content\/uploads\/2012\/04\/ifa_w50_laac_duneride1-300x225.jpg 300w\" sizes=\"auto, (max-width: 500px) 100vw, 500px\" \/><\/a> <a href=\"http:\/\/www.ifa-tours.de\/lexikon\/wp-content\/uploads\/2012\/04\/IFA-w50-LA-AC-Duneride-4.jpg\"><img loading=\"lazy\" decoding=\"async\" class=\"alignleft size-full wp-image-343\" src=\"http:\/\/www.ifa-tours.de\/lexikon\/wp-content\/uploads\/2012\/04\/IFA-w50-LA-AC-Duneride-4.jpg\" alt=\"IFA w50 LA AC 'Duneride' 4\" width=\"1280\" height=\"768\" srcset=\"https:\/\/www.ifa-tours.de\/lexikon\/wp-content\/uploads\/2012\/04\/IFA-w50-LA-AC-Duneride-4.jpg 1280w, https:\/\/www.ifa-tours.de\/lexikon\/wp-content\/uploads\/2012\/04\/IFA-w50-LA-AC-Duneride-4-300x180.jpg 300w, https:\/\/www.ifa-tours.de\/lexikon\/wp-content\/uploads\/2012\/04\/IFA-w50-LA-AC-Duneride-4-1024x614.jpg 1024w, https:\/\/www.ifa-tours.de\/lexikon\/wp-content\/uploads\/2012\/04\/IFA-w50-LA-AC-Duneride-4-624x374.jpg 624w\" sizes=\"auto, (max-width: 1280px) 100vw, 1280px\" \/><\/a> <a href=\"http:\/\/www.ifa-tours.de\/lexikon\/wp-content\/uploads\/2012\/04\/IFA-w50-LA-AC-Duneride-3.jpg\"><img loading=\"lazy\" decoding=\"async\" class=\"alignleft size-full wp-image-342\" src=\"http:\/\/www.ifa-tours.de\/lexikon\/wp-content\/uploads\/2012\/04\/IFA-w50-LA-AC-Duneride-3.jpg\" alt=\"IFA w50 LA AC 'Duneride' 3\" width=\"1280\" height=\"768\" srcset=\"https:\/\/www.ifa-tours.de\/lexikon\/wp-content\/uploads\/2012\/04\/IFA-w50-LA-AC-Duneride-3.jpg 1280w, https:\/\/www.ifa-tours.de\/lexikon\/wp-content\/uploads\/2012\/04\/IFA-w50-LA-AC-Duneride-3-300x180.jpg 300w, https:\/\/www.ifa-tours.de\/lexikon\/wp-content\/uploads\/2012\/04\/IFA-w50-LA-AC-Duneride-3-1024x614.jpg 1024w, https:\/\/www.ifa-tours.de\/lexikon\/wp-content\/uploads\/2012\/04\/IFA-w50-LA-AC-Duneride-3-624x374.jpg 624w\" sizes=\"auto, (max-width: 1280px) 100vw, 1280px\" \/><\/a> <a href=\"http:\/\/www.ifa-tours.de\/lexikon\/wp-content\/uploads\/2012\/04\/IFA-w50-LA-AC-Duneride-2m1.jpg\"><img loading=\"lazy\" decoding=\"async\" class=\"alignleft size-full wp-image-341\" src=\"http:\/\/www.ifa-tours.de\/lexikon\/wp-content\/uploads\/2012\/04\/IFA-w50-LA-AC-Duneride-2m1.jpg\" alt=\"IFA w50 LA AC 'Duneride' 2m\" width=\"480\" height=\"288\" srcset=\"https:\/\/www.ifa-tours.de\/lexikon\/wp-content\/uploads\/2012\/04\/IFA-w50-LA-AC-Duneride-2m1.jpg 480w, https:\/\/www.ifa-tours.de\/lexikon\/wp-content\/uploads\/2012\/04\/IFA-w50-LA-AC-Duneride-2m1-300x180.jpg 300w\" sizes=\"auto, (max-width: 480px) 100vw, 480px\" \/><\/a> <a href=\"http:\/\/www.ifa-tours.de\/lexikon\/wp-content\/uploads\/2012\/04\/IFA-w50-LA-AC-Duneride-1.jpg\"><img loading=\"lazy\" decoding=\"async\" class=\"alignleft size-full wp-image-340\" src=\"http:\/\/www.ifa-tours.de\/lexikon\/wp-content\/uploads\/2012\/04\/IFA-w50-LA-AC-Duneride-1.jpg\" alt=\"IFA w50 LA AC 'Duneride' 1\" width=\"1280\" height=\"768\" srcset=\"https:\/\/www.ifa-tours.de\/lexikon\/wp-content\/uploads\/2012\/04\/IFA-w50-LA-AC-Duneride-1.jpg 1280w, https:\/\/www.ifa-tours.de\/lexikon\/wp-content\/uploads\/2012\/04\/IFA-w50-LA-AC-Duneride-1-300x180.jpg 300w, https:\/\/www.ifa-tours.de\/lexikon\/wp-content\/uploads\/2012\/04\/IFA-w50-LA-AC-Duneride-1-1024x614.jpg 1024w, https:\/\/www.ifa-tours.de\/lexikon\/wp-content\/uploads\/2012\/04\/IFA-w50-LA-AC-Duneride-1-624x374.jpg 624w\" sizes=\"auto, (max-width: 1280px) 100vw, 1280px\" \/><\/a> <a href=\"http:\/\/www.ifa-tours.de\/lexikon\/wp-content\/uploads\/2012\/04\/67395800_1383806543_58114783_gta_sa_2013-10-28_16-08-34-631.jpg\"><img loading=\"lazy\" decoding=\"async\" class=\"alignleft size-full wp-image-338\" src=\"http:\/\/www.ifa-tours.de\/lexikon\/wp-content\/uploads\/2012\/04\/67395800_1383806543_58114783_gta_sa_2013-10-28_16-08-34-631.jpg\" alt=\"IFA W50 bei GTA \" width=\"1280\" height=\"800\" srcset=\"https:\/\/www.ifa-tours.de\/lexikon\/wp-content\/uploads\/2012\/04\/67395800_1383806543_58114783_gta_sa_2013-10-28_16-08-34-631.jpg 1280w, https:\/\/www.ifa-tours.de\/lexikon\/wp-content\/uploads\/2012\/04\/67395800_1383806543_58114783_gta_sa_2013-10-28_16-08-34-631-300x187.jpg 300w, https:\/\/www.ifa-tours.de\/lexikon\/wp-content\/uploads\/2012\/04\/67395800_1383806543_58114783_gta_sa_2013-10-28_16-08-34-631-1024x640.jpg 1024w, https:\/\/www.ifa-tours.de\/lexikon\/wp-content\/uploads\/2012\/04\/67395800_1383806543_58114783_gta_sa_2013-10-28_16-08-34-631-624x390.jpg 624w\" sizes=\"auto, (max-width: 1280px) 100vw, 1280px\" \/><\/a><a href=\"http:\/\/www.ifa-tours.de\/lexikon\/wp-content\/uploads\/2012\/04\/IFA-w50-LA-AC-Duneride-2m.jpg\"><br \/>\n<\/a><span style=\"color: #ffffff;\"><br \/>\nEin IFA f\u00e4hrt um die Welt.<\/span><\/p>\n<p>&nbsp;<\/p>\n","protected":false},"excerpt":{"rendered":"<p>Den IFA W50 gibt es auch f\u00fcr das Computerspiel GTA San Andreas, dort wird er Duneride genannt. Es k\u00f6nnen verschiedene Farbgebungen ausprobiert werden. Ein IFA f\u00e4hrt um die Welt. &nbsp;<\/p>\n","protected":false},"author":1,"featured_media":0,"parent":375,"menu_order":0,"comment_status":"open","ping_status":"open","template":"","meta":{"_ml_titleColor":"#000000","_ml_titleFont":"Roboto","_ml_titleFontSize":1.1359999999999998987476601541857235133647918701171875,"_ml_titleFontWeight":"400","_ml_titleLineHeight":1.3000000000000000444089209850062616169452667236328125,"_ml_metaColor":"#708090","_ml_metaFont":"Montserrat","_ml_metaFontSize":0.67849999999999999200639422269887290894985198974609375,"_ml_metaFontWeight":"400","_ml_metaLineHeight":0.92000000000000003996802888650563545525074005126953125,"_ml_bodyColor":"#a9a9a9","_ml_bodyFont":"Open Sans","_ml_bodyFontSize":0.84999999999999997779553950749686919152736663818359375,"_ml_bodyFontWeight":"400","_ml_bodyLineHeight":1.1999999999999999555910790149937383830547332763671875,"_ml_wooPriceColor":"#666","_ml_wooPriceFont":"Open Sans","_ml_wooPriceFontSize":0.90000000000000002220446049250313080847263336181640625,"_ml_wooPriceFontWeight":"400","_ml_wooPriceLineHeight":1.270000000000000017763568394002504646778106689453125,"_ml_headingColor":"#000","_ml_headingFont":"Merriweather","_ml_headingFontSize":2.020000000000000017763568394002504646778106689453125,"_ml_headingFontWeight":"700","_ml_headingLineHeight":1.4699999999999999733546474089962430298328399658203125,"_mlglobal_userfontcolors":{"headingColorUser":[],"titleColorUser":[],"metaColorUser":[],"bodyColorUser":[],"wooPriceColorUser":[]},"footnotes":""},"class_list":["post-350","page","type-page","status-publish","hentry"],"_links":{"self":[{"href":"https:\/\/www.ifa-tours.de\/lexikon\/wp-json\/wp\/v2\/pages\/350","targetHints":{"allow":["GET"]}}],"collection":[{"href":"https:\/\/www.ifa-tours.de\/lexikon\/wp-json\/wp\/v2\/pages"}],"about":[{"href":"https:\/\/www.ifa-tours.de\/lexikon\/wp-json\/wp\/v2\/types\/page"}],"author":[{"embeddable":true,"href":"https:\/\/www.ifa-tours.de\/lexikon\/wp-json\/wp\/v2\/users\/1"}],"replies":[{"embeddable":true,"href":"https:\/\/www.ifa-tours.de\/lexikon\/wp-json\/wp\/v2\/comments?post=350"}],"version-history":[{"count":11,"href":"https:\/\/www.ifa-tours.de\/lexikon\/wp-json\/wp\/v2\/pages\/350\/revisions"}],"predecessor-version":[{"id":1252,"href":"https:\/\/www.ifa-tours.de\/lexikon\/wp-json\/wp\/v2\/pages\/350\/revisions\/1252"}],"up":[{"embeddable":true,"href":"https:\/\/www.ifa-tours.de\/lexikon\/wp-json\/wp\/v2\/pages\/375"}],"wp:attachment":[{"href":"https:\/\/www.ifa-tours.de\/lexikon\/wp-json\/wp\/v2\/media?parent=350"}],"curies":[{"name":"wp","href":"https:\/\/api.w.org\/{rel}","templated":true}]}}