{"id":2984,"date":"2026-02-23T19:06:12","date_gmt":"2026-02-23T19:06:12","guid":{"rendered":"https:\/\/www.ifa-tours.de\/lexikon\/?page_id=2984"},"modified":"2026-04-02T14:12:37","modified_gmt":"2026-04-02T14:12:37","slug":"25-jahre-ifa-tours","status":"publish","type":"page","link":"https:\/\/www.ifa-tours.de\/lexikon\/25-jahre-ifa-tours\/","title":{"rendered":"25 Jahre IFA-Tours"},"content":{"rendered":"<div class=\"pdfprnt-buttons pdfprnt-buttons-page pdfprnt-top-right\"><a href=\"https:\/\/www.ifa-tours.de\/lexikon\/wp-json\/wp\/v2\/pages\/2984?print=pdf\" class=\"pdfprnt-button pdfprnt-button-pdf\" target=\"_blank\"><img decoding=\"async\" src=\"https:\/\/www.ifa-tours.de\/lexikon\/wp-content\/plugins\/pdf-print\/images\/pdf.png\" alt=\"image_pdf\" title=\"PDF anzeigen\" \/><\/a><a href=\"https:\/\/www.ifa-tours.de\/lexikon\/wp-json\/wp\/v2\/pages\/2984?print=print\" class=\"pdfprnt-button pdfprnt-button-print\" target=\"_blank\"><img decoding=\"async\" src=\"https:\/\/www.ifa-tours.de\/lexikon\/wp-content\/plugins\/pdf-print\/images\/print.png\" alt=\"image_print\" title=\"Inhalt drucken\" \/><\/a><\/div>\n<p><em>PRESSEMITTEILUNG &#8211; 21.11.2025<br \/>Von: Frank Hillmann, Medienkorrespondent f\u00fcr Offroad-Themen <\/em><\/p>\n<div class=\"qJYHHd mp0vvc\" data-xid=\"aim-mars-turn-root\" data-asrc=\"true\">\n<div class=\"tonYlb\" data-tr-rsts=\"false\">\n<div class=\"\">\n<div data-processed=\"true\">\n<div class=\"CKgc1d\" data-scope-id=\"turn\" data-complete=\"true\">\n<div class=\"Zkbeff\" data-subtree=\"aimc\" data-wiz-uids=\"n3HENd_2\" data-ved=\"2ahUKEwizgoqCvvKSAxXugv0HHQNfM8IQ2O0OegYIAQgAEAA\" data-hveid=\"CAEIABAA\" data-complete=\"true\">\n<div class=\"mZJni Dn7Fzd\" dir=\"ltr\" data-container-id=\"main-col\" data-xid=\"VpUvz\" data-ved=\"2ahUKEwizgoqCvvKSAxXugv0HHQNfM8IQ3KYQegYIAQgAEAE\" data-processed=\"true\">\n<blockquote>\n<div class=\"Y3BBE\" data-sfc-cp=\"\" data-hveid=\"CAEIAxAA\" data-complete=\"true\" data-processed=\"true\">\n<h1 dir=\"ltr\">\u200b<b>25 Jahre IFA-Tours: Renato Pietsch \u2013 Der Tausendsassa des Eichsfeldes feiert Jubil\u00e4um<\/b><\/h1>\n<p dir=\"ltr\">\u200b<b>Worbis.<\/b> Wenn man sich mit dem IFA LKW W50 befasst, kommt man an einem Namen nicht vorbei: <b>Renato Pietsch, <\/b>eine bekannte und ber\u00fchmte Pers\u00f6nlichkeit aus dem kleinen St\u00e4dtchen Worbis im Eichsfeld \/ Th\u00fcringen. Ob man den IFA LKW W50 studiert oder einfach nur an ihn denkt \u2013 dieser Name f\u00e4llt unweigerlich. Er ist bekannt als der \u201eCowboy des Ostens\u201c, der \u201eIndiana Jones des Ostens\u201c, der \u201eIFA-Papst\u201c oder schlicht als der Mann, der den Osten auf die Stra\u00dfen der Welt bringt. Anl\u00e4sslich des 25-j\u00e4hrigen Jubil\u00e4ums von IFA-Tours blicken Wegbegleiter und Fans auf eine beispiellose Erfolgsgeschichte zur\u00fcck. Doch wer nur den IFA-Enthusiasten in ihm sieht, greift zu kurz. Pietsch aus Worbis ist ein moderner Abenteurer, ein Medienprofi und vor allem ein Mensch mit einem tiefen Bewusstsein f\u00fcr gesellschaftliche Verantwortung.<\/p>\n<h3 dir=\"ltr\">\u200b<b>Vom Au\u00dfenseiter zum Kult-Botschafter<\/b><\/h3>\n<p dir=\"ltr\">\u200bWas heute Kult ist, begann vor einem Vierteljahrhundert mit einer Vision, f\u00fcr die er einst bel\u00e4chelt wurde. Doch Pietsch blieb hartn\u00e4ckig: Er hat den IFA LKW W50 zur\u00fcck in die Gesellschaft gebracht, als kaum noch jemand an den Erhalt dieser Technik glaubte. Heute ist der W50 unter seiner Flagge ein Symbol f\u00fcr Best\u00e4ndigkeit und Abenteuerlust. Kein anderer pr\u00e4gte die IFA-Szene so nachhaltig. Diese Authentizit\u00e4t macht ihn auch zum idealen Werbetr\u00e4ger: Als stolze <b>Werbeikone<\/b> und Botschafter f\u00fcr die <b>Brauerei Neunspringe<\/b> verbindet er regionale Tradition mit seiner weltweiten Bekanntheit.<\/p>\n<h3 dir=\"ltr\">\u200b<b>Globetrotter auf vier Kontinenten<\/b><\/h3>\n<p dir=\"ltr\">\u200bRenato Pietsch hat bewiesen, dass ostdeutsche Technik keine Grenzen kennt. Mit seinem LKW \u201eWilli\u201c bereiste er bereits vier Kontinente: Europa, Amerika, Afrika und Asien. Ob auf der legend\u00e4ren Route 66, durch die endlose Weite der Sahara oder auf Expeditionen \u2013 als Weltenbummler ist er ein Botschafter der Freiheit. Doch er blickt nicht nur aus der Fahrerkabine auf die Welt: Als Spezialist f\u00fcr Drohnenfotografie erstellt er weltweit hochkar\u00e4tige Panoramen f\u00fcr Plattformen wie Google und 360Cities. In seinen Dokumentationen f\u00e4ngt er die Sch\u00f6nheit der Natur, die Faszination der Technik und die Liebe zur Heimat ein.<\/p>\n<h3 dir=\"ltr\">\u200b<b>Medienstar, Werbeikone und Multitalent<\/b><\/h3>\n<p dir=\"ltr\">\u200bSeine Pr\u00e4senz in der Medienwelt ist gigantisch. Als echter <b>Fernsehstar<\/b> h\u00e4lt Pietsch in Produktionen von <b>ZDF<\/b> (z.B. \u201eDDR mobil\u201c), <b>mdr<\/b>, <b>RTL<\/b>, <b>Pro7<\/b> und <b>Phoenix<\/b> die Geschichte lebendig. Doch nicht nur im TV, auch in der Presse ist er dauerpr\u00e4sent: Unz\u00e4hlige Beitr\u00e4ge in illustrierten Medien wie der <b>Superillu<\/b>, Fachmagazinen wie <b>Trucker<\/b> und <b>Fernfahrer<\/b>, sowie Berichte in der <b>Bild-Zeitung<\/b>, der <b>Th\u00fcringer Allgemeinen<\/b> oder der Schweizer <b>Vick<\/b> zeugen von seinem Status. Auch im <b>Radio<\/b> ist seine Expertise und seine Stimme regelm\u00e4\u00dfig gefragt.<\/p>\n<p dir=\"ltr\">\u200bDabei ist er weit mehr als nur ein Gast vor der Kamera; er ist ein gesch\u00e4tzter <b>Partner<\/b> f\u00fcr hochwertige <b>Reklame<\/b>. Auch abseits der Piste ist er ein Allrounder: Er ist Fallschirmspringer, Kampfsportler, Taucher und Kinderbuchautor. Unvergessen bleibt zudem sein Auftritt an der Seite von Mike Kr\u00fcger. Dass er dabei auf starke <b>Sponsoren<\/b> wie die <b>Brauerei Neunspringe<\/b>, <b>R.A.B.S. BALKONBAU<\/b>, <b>Goldwell<\/b> und <b>Busch Modellbau<\/b> z\u00e4hlen kann, unterstreicht seinen Ruf als verl\u00e4ssliches Gesicht f\u00fcr Qualit\u00e4t, Stil und technische Detailtreue.<\/p>\n<h3 dir=\"ltr\">\u200b<b>Ein Herz f\u00fcr die Gemeinschaft<\/b><\/h3>\n<p dir=\"ltr\">\u200bWas ihn besonders auszeichnet, ist sein gro\u00dfes gesellschaftliches Engagement. Besonders f\u00fcr Kinder und Menschen mit Behinderungen macht er sich stark und schenkt ihnen Lebensfreude. Zudem ist er eine tragende S\u00e4ule f\u00fcr zahlreiche lokale Vereine, die er mit Technik und pers\u00f6nlichem Einsatz unterst\u00fctzt.<\/p>\n<p dir=\"ltr\">\u200b25 Jahre IFA-Tours stehen f\u00fcr mehr als nur Technikpflege \u2013 sie stehen f\u00fcr Renato Pietsch, ein echtes Original aus dem Eichsfeld, das mit Leidenschaft die ganze Welt erreicht hat.<\/p>\n<\/div>\n<\/blockquote>\n<\/div>\n<\/div>\n<\/div>\n<\/div>\n<\/div>\n<\/div>\n<\/div>\n<p>\u00a0<\/p>\n<p>Sein Begleiter, ein IFA LKW W50, d\u00fcrfte wohl einer der bekanntesten IFA LKW W50 sein.\u00a0<\/p>\n<p><a href=\"https:\/\/www.ifa-tours.de\/lexikon\/detailaufnahmen-vom-lkw-ifa-w50-laac-expedition\/ifa-lkw-w50-expedition-4x4-schraeg-vorn-fahrerseite\/\" rel=\"attachment wp-att-2942\"><img loading=\"lazy\" decoding=\"async\" class=\"alignleft size-large wp-image-2942\" src=\"https:\/\/www.ifa-tours.de\/lexikon\/wp-content\/uploads\/2025\/06\/IFA-LKW-W50-Expedition-4x4-schraeg-vorn-Fahrerseite-1024x874.jpg\" alt=\"\" width=\"625\" height=\"533\" srcset=\"https:\/\/www.ifa-tours.de\/lexikon\/wp-content\/uploads\/2025\/06\/IFA-LKW-W50-Expedition-4x4-schraeg-vorn-Fahrerseite-1024x874.jpg 1024w, https:\/\/www.ifa-tours.de\/lexikon\/wp-content\/uploads\/2025\/06\/IFA-LKW-W50-Expedition-4x4-schraeg-vorn-Fahrerseite-300x256.jpg 300w, https:\/\/www.ifa-tours.de\/lexikon\/wp-content\/uploads\/2025\/06\/IFA-LKW-W50-Expedition-4x4-schraeg-vorn-Fahrerseite-768x655.jpg 768w, https:\/\/www.ifa-tours.de\/lexikon\/wp-content\/uploads\/2025\/06\/IFA-LKW-W50-Expedition-4x4-schraeg-vorn-Fahrerseite-1536x1310.jpg 1536w, https:\/\/www.ifa-tours.de\/lexikon\/wp-content\/uploads\/2025\/06\/IFA-LKW-W50-Expedition-4x4-schraeg-vorn-Fahrerseite-624x532.jpg 624w, https:\/\/www.ifa-tours.de\/lexikon\/wp-content\/uploads\/2025\/06\/IFA-LKW-W50-Expedition-4x4-schraeg-vorn-Fahrerseite.jpg 1988w\" sizes=\"auto, (max-width: 625px) 100vw, 625px\" \/><\/a><\/p>\n","protected":false},"excerpt":{"rendered":"<p>PRESSEMITTEILUNG &#8211; 21.11.2025Von: Frank Hillmann, Medienkorrespondent f\u00fcr Offroad-Themen \u200b25 Jahre IFA-Tours: Renato Pietsch \u2013 Der Tausendsassa des Eichsfeldes feiert Jubil\u00e4um \u200bWorbis. Wenn man sich mit dem IFA LKW W50 befasst, kommt man an einem Namen nicht vorbei: Renato Pietsch, eine bekannte und ber\u00fchmte Pers\u00f6nlichkeit aus dem kleinen St\u00e4dtchen Worbis im Eichsfeld \/ Th\u00fcringen. Ob man [&hellip;]<\/p>\n","protected":false},"author":1,"featured_media":0,"parent":0,"menu_order":0,"comment_status":"closed","ping_status":"closed","template":"","meta":{"_ml_titleColor":"#000000","_ml_titleFont":"Roboto","_ml_titleFontSize":1.1359999999999998987476601541857235133647918701171875,"_ml_titleFontWeight":"400","_ml_titleLineHeight":1.3000000000000000444089209850062616169452667236328125,"_ml_metaColor":"#708090","_ml_metaFont":"Montserrat","_ml_metaFontSize":0.67849999999999999200639422269887290894985198974609375,"_ml_metaFontWeight":"400","_ml_metaLineHeight":0.92000000000000003996802888650563545525074005126953125,"_ml_bodyColor":"#a9a9a9","_ml_bodyFont":"Open Sans","_ml_bodyFontSize":0.84999999999999997779553950749686919152736663818359375,"_ml_bodyFontWeight":"400","_ml_bodyLineHeight":1.1999999999999999555910790149937383830547332763671875,"_ml_wooPriceColor":"#666","_ml_wooPriceFont":"Open Sans","_ml_wooPriceFontSize":0.90000000000000002220446049250313080847263336181640625,"_ml_wooPriceFontWeight":"400","_ml_wooPriceLineHeight":1.270000000000000017763568394002504646778106689453125,"_ml_headingColor":"#000","_ml_headingFont":"Merriweather","_ml_headingFontSize":2.020000000000000017763568394002504646778106689453125,"_ml_headingFontWeight":"700","_ml_headingLineHeight":1.4699999999999999733546474089962430298328399658203125,"_mlglobal_userfontcolors":{"headingColorUser":[],"titleColorUser":[],"metaColorUser":[],"bodyColorUser":[],"wooPriceColorUser":[]},"footnotes":""},"class_list":["post-2984","page","type-page","status-publish","hentry"],"_links":{"self":[{"href":"https:\/\/www.ifa-tours.de\/lexikon\/wp-json\/wp\/v2\/pages\/2984","targetHints":{"allow":["GET"]}}],"collection":[{"href":"https:\/\/www.ifa-tours.de\/lexikon\/wp-json\/wp\/v2\/pages"}],"about":[{"href":"https:\/\/www.ifa-tours.de\/lexikon\/wp-json\/wp\/v2\/types\/page"}],"author":[{"embeddable":true,"href":"https:\/\/www.ifa-tours.de\/lexikon\/wp-json\/wp\/v2\/users\/1"}],"replies":[{"embeddable":true,"href":"https:\/\/www.ifa-tours.de\/lexikon\/wp-json\/wp\/v2\/comments?post=2984"}],"version-history":[{"count":13,"href":"https:\/\/www.ifa-tours.de\/lexikon\/wp-json\/wp\/v2\/pages\/2984\/revisions"}],"predecessor-version":[{"id":3011,"href":"https:\/\/www.ifa-tours.de\/lexikon\/wp-json\/wp\/v2\/pages\/2984\/revisions\/3011"}],"wp:attachment":[{"href":"https:\/\/www.ifa-tours.de\/lexikon\/wp-json\/wp\/v2\/media?parent=2984"}],"curies":[{"name":"wp","href":"https:\/\/api.w.org\/{rel}","templated":true}]}}