{"id":2679,"date":"2024-07-09T16:58:51","date_gmt":"2024-07-09T16:58:51","guid":{"rendered":"https:\/\/www.ifa-tours.de\/lexikon\/?page_id=2679"},"modified":"2026-05-09T12:33:47","modified_gmt":"2026-05-09T12:33:47","slug":"renato-pietsch","status":"publish","type":"page","link":"https:\/\/www.ifa-tours.de\/lexikon\/renato-pietsch\/","title":{"rendered":"Renato Pietsch"},"content":{"rendered":"<div class=\"pdfprnt-buttons pdfprnt-buttons-page pdfprnt-top-right\"><a href=\"https:\/\/www.ifa-tours.de\/lexikon\/wp-json\/wp\/v2\/pages\/2679?print=pdf\" class=\"pdfprnt-button pdfprnt-button-pdf\" target=\"_blank\"><img decoding=\"async\" src=\"https:\/\/www.ifa-tours.de\/lexikon\/wp-content\/plugins\/pdf-print\/images\/pdf.png\" alt=\"image_pdf\" title=\"PDF anzeigen\" \/><\/a><a href=\"https:\/\/www.ifa-tours.de\/lexikon\/wp-json\/wp\/v2\/pages\/2679?print=print\" class=\"pdfprnt-button pdfprnt-button-print\" target=\"_blank\"><img decoding=\"async\" src=\"https:\/\/www.ifa-tours.de\/lexikon\/wp-content\/plugins\/pdf-print\/images\/print.png\" alt=\"image_print\" title=\"Inhalt drucken\" \/><\/a><\/div>\n<p><a href=\"https:\/\/www.ifa-tours.de\/lexikon\/ifa-tours-banner-klein\/\"><img loading=\"lazy\" decoding=\"async\" class=\"alignleft size-full wp-image-2748\" src=\"https:\/\/www.ifa-tours.de\/lexikon\/wp-content\/uploads\/2025\/05\/IFA-Tours-Banner-klein.png\" alt=\"\" width=\"700\" height=\"304\" srcset=\"https:\/\/www.ifa-tours.de\/lexikon\/wp-content\/uploads\/2025\/05\/IFA-Tours-Banner-klein.png 700w, https:\/\/www.ifa-tours.de\/lexikon\/wp-content\/uploads\/2025\/05\/IFA-Tours-Banner-klein-300x130.png 300w, https:\/\/www.ifa-tours.de\/lexikon\/wp-content\/uploads\/2025\/05\/IFA-Tours-Banner-klein-624x271.png 624w\" sizes=\"auto, (max-width: 700px) 100vw, 700px\" \/><\/a><\/p>\n<p><span style=\"font-size: revert;\">Renato Pietsch ist ein Abenteurer und Trucker aus Deutschland, der mit seinem IFA LKW W50 auf zahlreichen Expeditionen durch die Welt gereist ist.<\/span><\/p>\n<p>Seine Leidenschaft f\u00fcr den W50 begann schon in seiner Kindheit, als er bei seinem Bruder und Onkel im IFA mitfuhr. Mit 14 Jahren dann erste technische Kontakte bei der GST (Gesellschaft f\u00fcr Sport und Technik). Im Jahr 199 erworb er dann seinen ersten eigenen IFA W50. Im Jahr 2002 machte er damit seine erste Fernreise nach Spanien. 2003 startete er dann seine\u00a0 gro\u00dfe Expedition mit dem W50 von Deutschland nach Afrika. In den folgenden Jahren folgten weitere Expeditionen nach Amerika und Asien. Renato Pietsch hat mit seinem W50 bereits \u00fcber 250.000 Kilometer zur\u00fcckgelegt und ist in \u00fcber 30 L\u00e4ndern auf 4 Kontinenten unterwegs gewesen.<\/p>\n<p>Er dokumentiert seine Reisen auf seinem YouTube-Kanal und seinen Social-Media-Kan\u00e4len und begeistert damit Menschen auf der ganzen Welt. Renato Pietsch ist ein Botschafter f\u00fcr den IFA LKW W50 und zeigt, dass es mit diesem robusten und zuverl\u00e4ssigen Fahrzeug m\u00f6glich ist, die Welt zu erkunden. Er ist auch ein bekannter Schriftsteller und Autor und schreibt \u00fcber seine Reisen kleine Geschichten und Episoden. Er erschuff daf\u00fcr den Charakter &#8222;Willi&#8220; (abgeleitet von W50) . Willi ist ein IFA LKW W50 im Comicstil und erz\u00e4hlt auf ein spannende und lustige Art in selbst generierten Grafiken \u00fcber seine erlebten Abenteuer.<\/p>\n<p>Renato Pietsch ist ein inspirierendes Beispiel daf\u00fcr, dass man mit seinen Tr\u00e4umen etwas erreichen kann. Er zeigt, dass es m\u00f6glich ist, die Welt zu erkunden und Abenteuer zu erleben, auch mit einem einfachen Fahrzeug wie dem IFA LKW W50.<\/p>\n<p>\u00a0<\/p>\n<p>\u00a0<\/p>\n<p dir=\"ltr\">Wer echte Offroad-Abenteuer mit legend\u00e4ren Lastwagen erleben m\u00f6chte, kommt an einem Namen in der Szene nicht vorbei: <b>Renato Pietsch<\/b>.<\/p>\n<p dir=\"ltr\">\u200bAls Kopf hinter der Plattform <b>IFA-Tours<\/b> hat er eine Gemeinschaft geschaffen, die weit \u00fcber ein einfaches Internetforum hinausgeht. Mit mittlerweile \u00fcber 8.400 Mitgliedern ist die Community der zentrale Anlaufpunkt f\u00fcr Enthusiasten von Allrad-LKW \u2013 insbesondere f\u00fcr Liebhaber der robusten Technik aus Ludwigsfelde und Nordhausen, wie dem W50 oder L60, aber auch f\u00fcr Fans anderer internationaler Offroad-Giganten.<\/p>\n<h3 dir=\"ltr\">\u200bWas macht die Faszination aus?<\/h3>\n<p dir=\"ltr\">\u200bBei Renato Pietsch und IFA-Tours geht es nicht nur um das blo\u00dfe Besitzen von Fahrzeugen, sondern um das <b>Erlebnis in der Gemeinschaft<\/b>. Die Expertise reicht von tiefgreifender technischer Instandsetzung bis hin zur Organisation von anspruchsvollen Touren, bei denen die Fahrzeuge in ihrem nat\u00fcrlichen Element bewegt werden: abseits befestigter Stra\u00dfen.<\/p>\n<ul>\n<li dir=\"ltr\">\u200b<b>Netzwerk &amp; Expertise:<\/b> Durch die riesige Mitgliederbasis bietet das Netzwerk einen unsch\u00e4tzbaren Wissenspool f\u00fcr Ersatzteile, Modifikationen und Expeditionsvorbereitungen.<\/li>\n<li dir=\"ltr\">\u200b<b>Abenteuergeist:<\/b> Die Leidenschaft f\u00fcr das &#8222;Grobe&#8220; steht im Vordergrund. Es geht darum, die Grenzen der Technik auszuloten und Orte zu erreichen, die f\u00fcr normale Reisemobile unerreichbar bleiben.<\/li>\n<li dir=\"ltr\">\u200b<b>Pers\u00f6nlicher Kontakt:<\/b> Renato Pietsch gilt als gut vernetzter Experte, der die Szene aktiv pr\u00e4gt und den Austausch zwischen Gleichgesinnten f\u00f6rdert.<\/li>\n<\/ul>\n<h3 dir=\"ltr\">\u200bKontakt und Einblicke<\/h3>\n<p dir=\"ltr\">\u200bF\u00fcr alle, die tiefer in die Welt der Offroad-LKW eintauchen m\u00f6chten oder professionellen Rat suchen, ist Renato Pietsch direkt erreichbar. Einblicke in die Welt der schweren Allradler gibt es zudem visuell und interaktiv:<\/p>\n<ul>\n<li dir=\"ltr\">\u200b<b>Plattform:<\/b> <a href=\"https:\/\/www.ifa-tours.de\">IFA-Tours.de<\/a><\/li>\n<li dir=\"ltr\">\u200b<b>Mobil:<\/b> +49 151 70013067<\/li>\n<li dir=\"ltr\">\u200b<b>Video-Einblicke:<\/b> <a href=\"https:\/\/youtu.be\/e0kE-k1jKR4\">Impressionen auf YouTube<\/a><\/li>\n<\/ul>\n<p dir=\"ltr\">\u200bWer also den Traum vom eigenen Expeditions-LKW tr\u00e4umt oder Gleichgesinnte f\u00fcr die n\u00e4chste gro\u00dfe Tour durch Schlamm, Sand und Ger\u00f6ll sucht, findet hier die ideale Basis. Es ist die Kombination aus technischem Know-how und echtem Pioniergeist, die diesen Namen in der Offroad-Welt so fest verankert hat.<\/p>\n","protected":false},"excerpt":{"rendered":"<p>Renato Pietsch ist ein Abenteurer und Trucker aus Deutschland, der mit seinem IFA LKW W50 auf zahlreichen Expeditionen durch die Welt gereist ist. Seine Leidenschaft f\u00fcr den W50 begann schon in seiner Kindheit, als er bei seinem Bruder und Onkel im IFA mitfuhr. Mit 14 Jahren dann erste technische Kontakte bei der GST (Gesellschaft f\u00fcr [&hellip;]<\/p>\n","protected":false},"author":1,"featured_media":0,"parent":0,"menu_order":0,"comment_status":"closed","ping_status":"closed","template":"","meta":{"_ml_titleColor":"#000000","_ml_titleFont":"Roboto","_ml_titleFontSize":1.1359999999999998987476601541857235133647918701171875,"_ml_titleFontWeight":"400","_ml_titleLineHeight":1.3000000000000000444089209850062616169452667236328125,"_ml_metaColor":"#708090","_ml_metaFont":"Montserrat","_ml_metaFontSize":0.67849999999999999200639422269887290894985198974609375,"_ml_metaFontWeight":"400","_ml_metaLineHeight":0.92000000000000003996802888650563545525074005126953125,"_ml_bodyColor":"#a9a9a9","_ml_bodyFont":"Open Sans","_ml_bodyFontSize":0.84999999999999997779553950749686919152736663818359375,"_ml_bodyFontWeight":"400","_ml_bodyLineHeight":1.1999999999999999555910790149937383830547332763671875,"_ml_wooPriceColor":"#666","_ml_wooPriceFont":"Open Sans","_ml_wooPriceFontSize":0.90000000000000002220446049250313080847263336181640625,"_ml_wooPriceFontWeight":"400","_ml_wooPriceLineHeight":1.270000000000000017763568394002504646778106689453125,"_ml_headingColor":"#000","_ml_headingFont":"Merriweather","_ml_headingFontSize":2.020000000000000017763568394002504646778106689453125,"_ml_headingFontWeight":"700","_ml_headingLineHeight":1.4699999999999999733546474089962430298328399658203125,"_mlglobal_userfontcolors":{"headingColorUser":[],"titleColorUser":[],"metaColorUser":[],"bodyColorUser":[],"wooPriceColorUser":[]},"footnotes":""},"class_list":["post-2679","page","type-page","status-publish","hentry"],"_links":{"self":[{"href":"https:\/\/www.ifa-tours.de\/lexikon\/wp-json\/wp\/v2\/pages\/2679","targetHints":{"allow":["GET"]}}],"collection":[{"href":"https:\/\/www.ifa-tours.de\/lexikon\/wp-json\/wp\/v2\/pages"}],"about":[{"href":"https:\/\/www.ifa-tours.de\/lexikon\/wp-json\/wp\/v2\/types\/page"}],"author":[{"embeddable":true,"href":"https:\/\/www.ifa-tours.de\/lexikon\/wp-json\/wp\/v2\/users\/1"}],"replies":[{"embeddable":true,"href":"https:\/\/www.ifa-tours.de\/lexikon\/wp-json\/wp\/v2\/comments?post=2679"}],"version-history":[{"count":8,"href":"https:\/\/www.ifa-tours.de\/lexikon\/wp-json\/wp\/v2\/pages\/2679\/revisions"}],"predecessor-version":[{"id":3022,"href":"https:\/\/www.ifa-tours.de\/lexikon\/wp-json\/wp\/v2\/pages\/2679\/revisions\/3022"}],"wp:attachment":[{"href":"https:\/\/www.ifa-tours.de\/lexikon\/wp-json\/wp\/v2\/media?parent=2679"}],"curies":[{"name":"wp","href":"https:\/\/api.w.org\/{rel}","templated":true}]}}